{"id":8,"date":"2021-05-18T11:43:47","date_gmt":"2021-05-18T09:43:47","guid":{"rendered":"http:\/\/wisid.be\/?page_id=8"},"modified":"2021-05-24T21:21:23","modified_gmt":"2021-05-24T19:21:23","slug":"contact","status":"publish","type":"page","link":"https:\/\/wisid.be\/index.php\/contact\/","title":{"rendered":"Contact"},"content":{"rendered":"\n<p>N&rsquo;h\u00e9sitez pas \u00e0 nous contacter  ! Nos devis sont gratuits ! <\/p>\n\n\n\n<p><strong>Par email :<\/strong><\/p>\n\n\n\n<p>info@wisid.be<\/p>\n\n\n\n<p><strong>Par t\u00e9l\u00e9phone :    <\/strong><\/p>\n\n\n\n<div class=\"wp-block-image is-style-rounded\"><figure class=\"aligncenter size-large is-resized\"><img loading=\"lazy\" src=\"http:\/\/wisid.be\/wp-content\/uploads\/2021\/05\/Gui-2-1024x1024.jpg\" alt=\"\" class=\"wp-image-314\" width=\"205\" height=\"204\" title=\"\" srcset=\"https:\/\/wisid.be\/wp-content\/uploads\/2021\/05\/Gui-2-1024x1024.jpg 1024w, https:\/\/wisid.be\/wp-content\/uploads\/2021\/05\/Gui-2-300x300.jpg 300w, https:\/\/wisid.be\/wp-content\/uploads\/2021\/05\/Gui-2-150x150.jpg 150w, https:\/\/wisid.be\/wp-content\/uploads\/2021\/05\/Gui-2-768x768.jpg 768w, https:\/\/wisid.be\/wp-content\/uploads\/2021\/05\/Gui-2-1536x1536.jpg 1536w, https:\/\/wisid.be\/wp-content\/uploads\/2021\/05\/Gui-2-2048x2048.jpg 2048w, https:\/\/wisid.be\/wp-content\/uploads\/2021\/05\/Gui-2-666x666.jpg 666w\" sizes=\"(max-width: 205px) 100vw, 205px\" \/><\/figure><\/div>\n\n\n\n<blockquote class=\"wp-block-quote has-text-align-center\"><p><em>Guillaume Vanheuverswijn : <strong>0498\/23 14 40<\/strong><\/em><\/p><\/blockquote>\n\n\n\n<div class=\"wp-block-image is-style-rounded\"><figure class=\"aligncenter size-large is-resized\"><img loading=\"lazy\" src=\"http:\/\/wisid.be\/wp-content\/uploads\/2021\/05\/Quen-1024x1024.jpg\" alt=\"\" class=\"wp-image-307\" width=\"205\" height=\"210\"\/><\/figure><\/div>\n\n\n\n<blockquote class=\"wp-block-quote\"><p>Quentin Vanheuverswijn : <strong>0470\/17 01 51<\/strong><\/p><\/blockquote>\n\n\n\n<figure class=\"wp-block-image is-style-rounded\"><img alt=\"\"\/><\/figure>\n\n\n\n<div class=\"wp-block-image is-style-default\"><figure class=\"aligncenter\"><img loading=\"lazy\" width=\"670\" height=\"444\" src=\"http:\/\/wisid.be\/wp-content\/uploads\/2021\/05\/panneaux.png\" alt=\"\" class=\"wp-image-283\" srcset=\"https:\/\/wisid.be\/wp-content\/uploads\/2021\/05\/panneaux.png 670w, https:\/\/wisid.be\/wp-content\/uploads\/2021\/05\/panneaux-300x199.png 300w\" sizes=\"(max-width: 670px) 100vw, 670px\" \/><\/figure><\/div>\n\n\n\n<p><\/p>\n\n\n\n<p><\/p>\n","protected":false},"excerpt":{"rendered":"<p>N&rsquo;h\u00e9sitez pas \u00e0 nous contacter ! Nos devis sont gratuits ! Par email : info@wisid.be Par t\u00e9l\u00e9phone : Guillaume Vanheuverswijn<\/p>\n<p><a href=\"https:\/\/wisid.be\/index.php\/contact\/\" class=\"more-link\">Continue reading<span class=\"screen-reader-text\">Contact<\/span><\/a><\/p>\n","protected":false},"author":1,"featured_media":0,"parent":0,"menu_order":0,"comment_status":"closed","ping_status":"closed","template":"","meta":[],"_links":{"self":[{"href":"https:\/\/wisid.be\/index.php\/wp-json\/wp\/v2\/pages\/8"}],"collection":[{"href":"https:\/\/wisid.be\/index.php\/wp-json\/wp\/v2\/pages"}],"about":[{"href":"https:\/\/wisid.be\/index.php\/wp-json\/wp\/v2\/types\/page"}],"author":[{"embeddable":true,"href":"https:\/\/wisid.be\/index.php\/wp-json\/wp\/v2\/users\/1"}],"replies":[{"embeddable":true,"href":"https:\/\/wisid.be\/index.php\/wp-json\/wp\/v2\/comments?post=8"}],"version-history":[{"count":15,"href":"https:\/\/wisid.be\/index.php\/wp-json\/wp\/v2\/pages\/8\/revisions"}],"predecessor-version":[{"id":315,"href":"https:\/\/wisid.be\/index.php\/wp-json\/wp\/v2\/pages\/8\/revisions\/315"}],"wp:attachment":[{"href":"https:\/\/wisid.be\/index.php\/wp-json\/wp\/v2\/media?parent=8"}],"curies":[{"name":"wp","href":"https:\/\/api.w.org\/{rel}","templated":true}]}}