{"id":7,"date":"2021-05-18T11:43:47","date_gmt":"2021-05-18T09:43:47","guid":{"rendered":"http:\/\/wisid.be\/?page_id=7"},"modified":"2021-05-26T23:36:23","modified_gmt":"2021-05-26T21:36:23","slug":"a-propos-de","status":"publish","type":"page","link":"https:\/\/wisid.be\/index.php\/a-propos-de\/","title":{"rendered":"A propos de nous"},"content":{"rendered":"\n<p>Qui nous sommes en quelques mots :<\/p>\n\n\n\n<p>Wisid est n\u00e9e de l&rsquo;union entre deux fr\u00e8res, tous les deux bachelier en construction.<br>Avide de travail manuel mais \u00e9galement de gestion d&rsquo;entreprise.<\/p>\n\n\n\n<p>S\u00e9rieux, rigoureux, flexible et comp\u00e9tent, fort de l&rsquo;exp\u00e9rience acquise sur chantier dans l\u2019entreprise familiale de construction, mais \u00e9galement par notre exp\u00e9rience en bureau de contr\u00f4le et en grande entreprise de construction.<\/p>\n\n\n\n<p>Il est important pour nous de nouer un contact privil\u00e9gi\u00e9 avec chacun de nos partenaires, afin de mener les chantiers que nous entreprenons \u00e0 leurs termes dans les meilleures conditions.<\/p>\n\n\n\n<p>Nous, patrons, sommes sur chantier et la qualit\u00e9 du travail est notre priorit\u00e9.<\/p>\n\n\n\n<p>A tr\u00e8s bient\u00f4t pour r\u00e9aliser vos projets<\/p>\n\n\n\n<p><\/p>\n\n\n\n<p><\/p>\n","protected":false},"excerpt":{"rendered":"<p>Qui nous sommes en quelques mots : Wisid est n\u00e9e de l&rsquo;union entre deux fr\u00e8res, tous les deux bachelier en<\/p>\n<p><a href=\"https:\/\/wisid.be\/index.php\/a-propos-de\/\" class=\"more-link\">Continue reading<span class=\"screen-reader-text\">A propos de nous<\/span><\/a><\/p>\n","protected":false},"author":1,"featured_media":0,"parent":0,"menu_order":0,"comment_status":"closed","ping_status":"closed","template":"","meta":[],"_links":{"self":[{"href":"https:\/\/wisid.be\/index.php\/wp-json\/wp\/v2\/pages\/7"}],"collection":[{"href":"https:\/\/wisid.be\/index.php\/wp-json\/wp\/v2\/pages"}],"about":[{"href":"https:\/\/wisid.be\/index.php\/wp-json\/wp\/v2\/types\/page"}],"author":[{"embeddable":true,"href":"https:\/\/wisid.be\/index.php\/wp-json\/wp\/v2\/users\/1"}],"replies":[{"embeddable":true,"href":"https:\/\/wisid.be\/index.php\/wp-json\/wp\/v2\/comments?post=7"}],"version-history":[{"count":14,"href":"https:\/\/wisid.be\/index.php\/wp-json\/wp\/v2\/pages\/7\/revisions"}],"predecessor-version":[{"id":320,"href":"https:\/\/wisid.be\/index.php\/wp-json\/wp\/v2\/pages\/7\/revisions\/320"}],"wp:attachment":[{"href":"https:\/\/wisid.be\/index.php\/wp-json\/wp\/v2\/media?parent=7"}],"curies":[{"name":"wp","href":"https:\/\/api.w.org\/{rel}","templated":true}]}}