{"id":14,"date":"2021-05-18T11:43:47","date_gmt":"2021-05-18T09:43:47","guid":{"rendered":"http:\/\/wisid.be\/?page_id=14"},"modified":"2021-11-16T23:26:30","modified_gmt":"2021-11-16T22:26:30","slug":"accueil","status":"publish","type":"page","link":"https:\/\/wisid.be\/","title":{"rendered":"Entreprise g\u00e9n\u00e9rale de construction  sp\u00e9cialis\u00e9e dans le gros-oeuvre et le carrelage"},"content":{"rendered":"\n<p class=\"has-text-align-center\"> <\/p>\n\n\n\n<p class=\"has-text-align-center\">Active dans le Hainaut occidental et ses environs<\/p>\n\n\n\n<p class=\"has-text-align-center\">Nous intervenons dans diff\u00e9rents domaines :<br>La construction, la r\u00e9novation et la transformation de b\u00e2timents (non-)r\u00e9sidentiels <br>Le carrelage int\u00e9rieur et ext\u00e9rieur<\/p>\n\n\n\n<p><\/p>\n\n\n\n<p><\/p>\n","protected":false},"excerpt":{"rendered":"<p>Active dans le Hainaut occidental et ses environs Nous intervenons dans diff\u00e9rents domaines :La construction, la r\u00e9novation et la transformation<\/p>\n<p><a href=\"https:\/\/wisid.be\/\" class=\"more-link\">Continue reading<span class=\"screen-reader-text\">Entreprise g\u00e9n\u00e9rale de construction  sp\u00e9cialis\u00e9e dans le gros-oeuvre et le carrelage<\/span><\/a><\/p>\n","protected":false},"author":1,"featured_media":0,"parent":0,"menu_order":0,"comment_status":"closed","ping_status":"closed","template":"","meta":[],"_links":{"self":[{"href":"https:\/\/wisid.be\/index.php\/wp-json\/wp\/v2\/pages\/14"}],"collection":[{"href":"https:\/\/wisid.be\/index.php\/wp-json\/wp\/v2\/pages"}],"about":[{"href":"https:\/\/wisid.be\/index.php\/wp-json\/wp\/v2\/types\/page"}],"author":[{"embeddable":true,"href":"https:\/\/wisid.be\/index.php\/wp-json\/wp\/v2\/users\/1"}],"replies":[{"embeddable":true,"href":"https:\/\/wisid.be\/index.php\/wp-json\/wp\/v2\/comments?post=14"}],"version-history":[{"count":18,"href":"https:\/\/wisid.be\/index.php\/wp-json\/wp\/v2\/pages\/14\/revisions"}],"predecessor-version":[{"id":324,"href":"https:\/\/wisid.be\/index.php\/wp-json\/wp\/v2\/pages\/14\/revisions\/324"}],"wp:attachment":[{"href":"https:\/\/wisid.be\/index.php\/wp-json\/wp\/v2\/media?parent=14"}],"curies":[{"name":"wp","href":"https:\/\/api.w.org\/{rel}","templated":true}]}}